{"id":433,"date":"2016-12-27T10:31:31","date_gmt":"2016-12-27T10:31:31","guid":{"rendered":"http:\/\/www.potatoprocess.com\/?page_id=433\/"},"modified":"2016-12-27T10:31:31","modified_gmt":"2016-12-27T10:31:31","slug":"a-propos-de-nous","status":"publish","type":"page","link":"https:\/\/www.potatoprocess.com\/fr\/a-propos-de-nous\/","title":{"rendered":"\u00c0 propos de nous"},"content":{"rendered":"<p>Romiter Machinery Co., Ltd. est un concepteur de march\u00e9 leader et un fabricant de machine de transformation de pommes de terre. Notre usine est situ\u00e9e au Moyen-Chine. Avec commode venir et aller et situation g\u00e9ographique avantageuse. Couvrant une grande surface.<\/p>\n<p><img decoding=\"async\" class=\"alignnone size-large wp-image-421\" src=\"https:\/\/www.potatoprocess.com\/wp-content\/uploads\/2016\/12\/Banner6-Automatic-Potato-Washing-and-Peeling-Machine-Manuafacture-1024x267.jpg\" alt=\"Banner6-Automatic-Potato-Washing-and-Peeling-Machine-Manuafacture\" width=\"1024\" height=\"267\" srcset=\"https:\/\/www.potatoprocess.com\/wp-content\/uploads\/2016\/12\/Banner6-Automatic-Potato-Washing-and-Peeling-Machine-Manuafacture-1024x267.jpg 1024w, https:\/\/www.potatoprocess.com\/wp-content\/uploads\/2016\/12\/Banner6-Automatic-Potato-Washing-and-Peeling-Machine-Manuafacture-300x78.jpg 300w, https:\/\/www.potatoprocess.com\/wp-content\/uploads\/2016\/12\/Banner6-Automatic-Potato-Washing-and-Peeling-Machine-Manuafacture-768x200.jpg 768w, https:\/\/www.potatoprocess.com\/wp-content\/uploads\/2016\/12\/Banner6-Automatic-Potato-Washing-and-Peeling-Machine-Manuafacture.jpg 1920w\" sizes=\"(max-width: 1024px) 100vw, 1024px\" \/><\/p>\n<p>Romiter Machinery gagne large r\u00e9putation pour les produits \u00e0 haut rendement, fiabilit\u00e9 excellente, entretien facile et longue dur\u00e9e de vie. Notre usine peut fournir la machine de nettoyage de pomme de terre, niveleur de pomme de terre, machine \u00e0 laver de pomme de terre, machine d&#8217;emballage de sac de maille de pomme de terre, machine de d\u00e9coupage de pomme de terre, D&#8217;emballage pour le client.<\/p>\n<p><img decoding=\"async\" class=\"alignnone size-large wp-image-418\" src=\"https:\/\/www.potatoprocess.com\/wp-content\/uploads\/2016\/11\/Banner5-Potato-Dry-Cleaning-and-Sorting-Machine-1024x267.jpg\" alt=\"banner5-potato-dry-cleaning-and-sorting-machine\" width=\"1024\" height=\"267\" srcset=\"https:\/\/www.potatoprocess.com\/wp-content\/uploads\/2016\/11\/Banner5-Potato-Dry-Cleaning-and-Sorting-Machine-1024x267.jpg 1024w, https:\/\/www.potatoprocess.com\/wp-content\/uploads\/2016\/11\/Banner5-Potato-Dry-Cleaning-and-Sorting-Machine-300x78.jpg 300w, https:\/\/www.potatoprocess.com\/wp-content\/uploads\/2016\/11\/Banner5-Potato-Dry-Cleaning-and-Sorting-Machine-768x200.jpg 768w, https:\/\/www.potatoprocess.com\/wp-content\/uploads\/2016\/11\/Banner5-Potato-Dry-Cleaning-and-Sorting-Machine.jpg 1920w\" sizes=\"(max-width: 1024px) 100vw, 1024px\" \/><\/p>\n<p>La machine de traitement de pomme de terre de Romiter satisfait aux exigences de qualit\u00e9 de l&rsquo;Europe. Avec la certification CE, le client n&rsquo;a pas besoin de s&rsquo;inqui\u00e9ter de l&rsquo;importation<\/p>\n<p><img decoding=\"async\" class=\"alignnone size-large wp-image-439\" src=\"https:\/\/www.potatoprocess.com\/wp-content\/uploads\/2016\/12\/Banner7-Potato-Snacks-Production-Line-Manufacture-1024x269.jpg\" alt=\"Banner7-Potato-Snacks-Production-Line-Manufacture\" width=\"1024\" height=\"269\" srcset=\"https:\/\/www.potatoprocess.com\/wp-content\/uploads\/2016\/12\/Banner7-Potato-Snacks-Production-Line-Manufacture-1024x269.jpg 1024w, https:\/\/www.potatoprocess.com\/wp-content\/uploads\/2016\/12\/Banner7-Potato-Snacks-Production-Line-Manufacture-300x79.jpg 300w, https:\/\/www.potatoprocess.com\/wp-content\/uploads\/2016\/12\/Banner7-Potato-Snacks-Production-Line-Manufacture-768x202.jpg 768w, https:\/\/www.potatoprocess.com\/wp-content\/uploads\/2016\/12\/Banner7-Potato-Snacks-Production-Line-Manufacture.jpg 1900w\" sizes=\"(max-width: 1024px) 100vw, 1024px\" \/><\/p>\n<p>Romiter Group fournit une solution compl\u00e8te de traitement de la pomme de terre, qui comprend, sans s&rsquo;y limiter:<\/p>\n<ol>\n<li>Machine \u00e0 \u00e9plucher les pommes de terre<\/li>\n<li>Machine de d\u00e9coupe de pommes de terre<\/li>\n<li>Ligne de production de frites<\/li>\n<li>Ligne de production de frites<\/li>\n<li>Ligne de Production de Frozen French Fries<\/li>\n<li>Peseuse de pommes de terre et machine d&#8217;emballage<\/li>\n<li>Machine \u00e0 trier les pommes de terre<\/li>\n<li>Machine d&rsquo;amidon de pomme de terre<\/li>\n<\/ol>\n<p>Romiter Group peut fournir des produits personnalis\u00e9s pour les clients. Bienvenue pour contacter avec nous pour plus d&rsquo;informations.<\/p>\n<p>&nbsp;<\/p>\n<p>&nbsp;<\/p>\n<p><strong>Facebook<\/strong><\/p>\n<p><a href=\"https:\/\/www.facebook.com\/potatoprocessingmachine\/\" rel=\"nofollow\">https:\/\/www.facebook.com\/potatoprocessingmachine\/<\/a><\/p>\n\n<div class=\"wpcf7 no-js\" id=\"wpcf7-f4-o1\" lang=\"en-US\" dir=\"ltr\" data-wpcf7-id=\"4\">\n<div class=\"screen-reader-response\"><p role=\"status\" aria-live=\"polite\" aria-atomic=\"true\"><\/p> <ul><\/ul><\/div>\n<form action=\"\/fr\/wp-json\/wp\/v2\/pages\/433#wpcf7-f4-o1\" method=\"post\" class=\"wpcf7-form init\" aria-label=\"Contact form\" novalidate=\"novalidate\" data-status=\"init\">\n<fieldset class=\"hidden-fields-container\"><input type=\"hidden\" name=\"_wpcf7\" value=\"4\" \/><input type=\"hidden\" name=\"_wpcf7_version\" value=\"6.1.5\" \/><input type=\"hidden\" name=\"_wpcf7_locale\" value=\"en_US\" \/><input type=\"hidden\" name=\"_wpcf7_unit_tag\" value=\"wpcf7-f4-o1\" \/><input type=\"hidden\" name=\"_wpcf7_container_post\" value=\"0\" \/><input type=\"hidden\" name=\"_wpcf7_posted_data_hash\" value=\"\" \/>\n<\/fieldset>\n<div id=\"inquiryForm\">\n\t<h2>Send Us Inquiry to Get Quotation\n\t<\/h2>\n\t<p>Please enter your contact information and the details you want to know about our product.\n\t<\/p>\n\t<p>Your Name (required)\n\t<\/p>\n\t<p><span class=\"wpcf7-form-control-wrap\" data-name=\"your-name\"><input size=\"40\" maxlength=\"400\" class=\"wpcf7-form-control wpcf7-text wpcf7-validates-as-required\" aria-required=\"true\" aria-invalid=\"false\" value=\"\" type=\"text\" name=\"your-name\" \/><\/span>\n\t<\/p>\n\t<p>Your Email (required)\n\t<\/p>\n\t<p><span class=\"wpcf7-form-control-wrap\" data-name=\"your-email\"><input size=\"40\" maxlength=\"400\" class=\"wpcf7-form-control wpcf7-email wpcf7-validates-as-required wpcf7-text wpcf7-validates-as-email\" aria-required=\"true\" aria-invalid=\"false\" value=\"\" type=\"email\" name=\"your-email\" \/><\/span>\n\t<\/p>\n\t<p>Country\n\t<\/p>\n\t<p><span class=\"wpcf7-form-control-wrap\" data-name=\"your-country\"><input size=\"40\" maxlength=\"400\" class=\"wpcf7-form-control wpcf7-text\" aria-invalid=\"false\" placeholder=\"Tell us Your Country\" value=\"\" type=\"text\" name=\"your-country\" \/><\/span>\n\t<\/p>\n\t<p>WhatsApp\n\t<\/p>\n\t<p><span class=\"wpcf7-form-control-wrap\" data-name=\"your-whatsapp\"><input size=\"40\" maxlength=\"400\" class=\"wpcf7-form-control wpcf7-text\" aria-invalid=\"false\" placeholder=\"Your WhatsApp ID with Country Code\" value=\"\" type=\"text\" name=\"your-whatsapp\" \/><\/span>\n\t<\/p>\n\t<p>Subject\n\t<\/p>\n\t<p><span class=\"wpcf7-form-control-wrap\" data-name=\"your-subject\"><input size=\"40\" maxlength=\"400\" class=\"wpcf7-form-control wpcf7-text\" aria-invalid=\"false\" value=\"\" type=\"text\" name=\"your-subject\" \/><\/span>\n\t<\/p>\n\t<p>Your Message\n\t<\/p>\n\t<p><span class=\"wpcf7-form-control-wrap\" data-name=\"your-message\"><textarea cols=\"40\" rows=\"10\" maxlength=\"2000\" class=\"wpcf7-form-control wpcf7-textarea\" aria-invalid=\"false\" placeholder=\"please specify your detail requirement here\" name=\"your-message\"><\/textarea><\/span>\n\t<\/p>\n\t<p><input class=\"wpcf7-form-control wpcf7-submit has-spinner\" type=\"submit\" value=\"Send\" \/>\n\t<\/p>\n<\/div><p style=\"display: none !important;\" class=\"akismet-fields-container\" data-prefix=\"_wpcf7_ak_\"><label>&#916;<textarea name=\"_wpcf7_ak_hp_textarea\" cols=\"45\" rows=\"8\" maxlength=\"100\"><\/textarea><\/label><input type=\"hidden\" id=\"ak_js_1\" name=\"_wpcf7_ak_js\" value=\"78\"\/><script type=\"text\/javascript\">\n\/* <![CDATA[ *\/\ndocument.getElementById( \"ak_js_1\" ).setAttribute( \"value\", ( new Date() ).getTime() );\n\/* ]]> *\/\n<\/script>\n<\/p><div class=\"wpcf7-response-output\" aria-hidden=\"true\"><\/div>\n<\/form>\n<\/div>\n\n","protected":false},"excerpt":{"rendered":"<p>Romiter Machinery Co., Ltd. est un concepteur de march\u00e9 leader et un fabricant de machine de transformation de pommes de terre. Notre usine est situ\u00e9e au Moyen-Chine. Avec commode venir et aller et situation g\u00e9ographique avantageuse. Couvrant une grande surface. Romiter Machinery gagne large r\u00e9putation pour les produits \u00e0 haut rendement, fiabilit\u00e9 excellente, entretien facile et longue dur\u00e9e de vie. Notre usine peut fournir la machine de nettoyage de pomme de terre, niveleur de pomme de terre, machine \u00e0 laver de pomme de terre, machine d&#8217;emballage de sac de maille de pomme de terre, machine de d\u00e9coupage de pomme de terre, D&#8217;emballage pour le client. La machine de traitement de pomme de terre de Romiter satisfait aux exigences de qualit\u00e9 de l&rsquo;Europe. Avec la certification CE, le client n&rsquo;a pas besoin de s&rsquo;inqui\u00e9ter de l&rsquo;importation Romiter Group fournit une solution compl\u00e8te de traitement de la pomme de terre, qui comprend, sans s&rsquo;y limiter: Machine \u00e0 \u00e9plucher les pommes de terre &#8230;<\/p>\n","protected":false},"author":1,"featured_media":0,"parent":0,"menu_order":0,"comment_status":"closed","ping_status":"closed","template":"","meta":{"footnotes":""},"class_list":["post-433","page","type-page","status-publish","hentry"],"aioseo_notices":[],"jetpack_sharing_enabled":true,"_links":{"self":[{"href":"https:\/\/www.potatoprocess.com\/fr\/wp-json\/wp\/v2\/pages\/433","targetHints":{"allow":["GET"]}}],"collection":[{"href":"https:\/\/www.potatoprocess.com\/fr\/wp-json\/wp\/v2\/pages"}],"about":[{"href":"https:\/\/www.potatoprocess.com\/fr\/wp-json\/wp\/v2\/types\/page"}],"author":[{"embeddable":true,"href":"https:\/\/www.potatoprocess.com\/fr\/wp-json\/wp\/v2\/users\/1"}],"replies":[{"embeddable":true,"href":"https:\/\/www.potatoprocess.com\/fr\/wp-json\/wp\/v2\/comments?post=433"}],"version-history":[{"count":0,"href":"https:\/\/www.potatoprocess.com\/fr\/wp-json\/wp\/v2\/pages\/433\/revisions"}],"wp:attachment":[{"href":"https:\/\/www.potatoprocess.com\/fr\/wp-json\/wp\/v2\/media?parent=433"}],"curies":[{"name":"wp","href":"https:\/\/api.w.org\/{rel}","templated":true}]}}